{"id":11,"date":"2022-06-01T07:35:41","date_gmt":"2022-06-01T07:35:41","guid":{"rendered":"https:\/\/ceitonparadise.com\/?page_id=11"},"modified":"2022-06-03T21:15:27","modified_gmt":"2022-06-03T21:15:27","slug":"home","status":"publish","type":"page","link":"https:\/\/ceitonparadise.com\/?page_id=11","title":{"rendered":"Home"},"content":{"rendered":"\t\t<div data-elementor-type=\"wp-page\" data-elementor-id=\"11\" class=\"elementor elementor-11\">\n\t\t\t\t\t\t\t\t\t<section class=\"elementor-section elementor-top-section elementor-element elementor-element-13f3cbe elementor-section-boxed elementor-section-height-default elementor-section-height-default\" data-id=\"13f3cbe\" data-element_type=\"section\">\n\t\t\t\t\t\t<div class=\"elementor-container elementor-column-gap-default\">\n\t\t\t\t\t<div class=\"elementor-column elementor-col-100 elementor-top-column elementor-element elementor-element-7496625\" data-id=\"7496625\" data-element_type=\"column\">\n\t\t\t<div class=\"elementor-widget-wrap elementor-element-populated\">\n\t\t\t\t\t\t\t\t<div class=\"elementor-element elementor-element-2027988 elementor-widget elementor-widget-heading\" data-id=\"2027988\" data-element_type=\"widget\" data-widget_type=\"heading.default\">\n\t\t\t\t<div class=\"elementor-widget-container\">\n\t\t\t<style>\/*! elementor - v3.6.5 - 27-04-2022 *\/\n.elementor-heading-title{padding:0;margin:0;line-height:1}.elementor-widget-heading .elementor-heading-title[class*=elementor-size-]>a{color:inherit;font-size:inherit;line-height:inherit}.elementor-widget-heading .elementor-heading-title.elementor-size-small{font-size:15px}.elementor-widget-heading .elementor-heading-title.elementor-size-medium{font-size:19px}.elementor-widget-heading .elementor-heading-title.elementor-size-large{font-size:29px}.elementor-widget-heading .elementor-heading-title.elementor-size-xl{font-size:39px}.elementor-widget-heading .elementor-heading-title.elementor-size-xxl{font-size:59px}<\/style><h1 class=\"elementor-heading-title elementor-size-default\">Bienvenido\/ Welcome\/ Welkom\/ Wilkommen @ Ceiton Paradise<\/h1>\t\t<\/div>\n\t\t\t\t<\/div>\n\t\t\t\t\t<\/div>\n\t\t<\/div>\n\t\t\t\t\t\t\t<\/div>\n\t\t<\/section>\n\t\t\t\t<section class=\"elementor-section elementor-top-section elementor-element elementor-element-a59c45e elementor-section-boxed elementor-section-height-default elementor-section-height-default\" data-id=\"a59c45e\" data-element_type=\"section\">\n\t\t\t\t\t\t<div class=\"elementor-container elementor-column-gap-default\">\n\t\t\t\t\t<div class=\"elementor-column elementor-col-50 elementor-top-column elementor-element elementor-element-e6e6e6c\" data-id=\"e6e6e6c\" data-element_type=\"column\">\n\t\t\t<div class=\"elementor-widget-wrap elementor-element-populated\">\n\t\t\t\t\t\t\t\t<div class=\"elementor-element elementor-element-41a5a5a elementor-widget elementor-widget-image\" data-id=\"41a5a5a\" data-element_type=\"widget\" data-widget_type=\"image.default\">\n\t\t\t\t<div class=\"elementor-widget-container\">\n\t\t\t<style>\/*! elementor - v3.6.5 - 27-04-2022 *\/\n.elementor-widget-image{text-align:center}.elementor-widget-image a{display:inline-block}.elementor-widget-image a img[src$=\".svg\"]{width:48px}.elementor-widget-image img{vertical-align:middle;display:inline-block}<\/style>\t\t\t\t\t\t\t\t\t\t\t\t<img loading=\"lazy\" decoding=\"async\" width=\"1024\" height=\"576\" src=\"https:\/\/ceitonparadise.com\/wp-content\/uploads\/2022\/06\/217638fa-03c9-41e5-9a98-6efc6b59e237-1024x576.jpg\" class=\"attachment-large size-large\" alt=\"\" srcset=\"https:\/\/ceitonparadise.com\/wp-content\/uploads\/2022\/06\/217638fa-03c9-41e5-9a98-6efc6b59e237-1024x576.jpg 1024w, https:\/\/ceitonparadise.com\/wp-content\/uploads\/2022\/06\/217638fa-03c9-41e5-9a98-6efc6b59e237-300x169.jpg 300w, https:\/\/ceitonparadise.com\/wp-content\/uploads\/2022\/06\/217638fa-03c9-41e5-9a98-6efc6b59e237-768x432.jpg 768w, https:\/\/ceitonparadise.com\/wp-content\/uploads\/2022\/06\/217638fa-03c9-41e5-9a98-6efc6b59e237.jpg 1280w\" sizes=\"auto, (max-width: 1024px) 100vw, 1024px\" \/>\t\t\t\t\t\t\t\t\t\t\t\t\t\t\t<\/div>\n\t\t\t\t<\/div>\n\t\t\t\t\t<\/div>\n\t\t<\/div>\n\t\t\t\t<div class=\"elementor-column elementor-col-50 elementor-top-column elementor-element elementor-element-64dbda4\" data-id=\"64dbda4\" data-element_type=\"column\">\n\t\t\t<div class=\"elementor-widget-wrap elementor-element-populated\">\n\t\t\t\t\t\t\t\t<div class=\"elementor-element elementor-element-e319cc9 elementor-widget elementor-widget-image\" data-id=\"e319cc9\" data-element_type=\"widget\" data-widget_type=\"image.default\">\n\t\t\t\t<div class=\"elementor-widget-container\">\n\t\t\t\t\t\t\t\t\t\t\t\t\t\t\t<img loading=\"lazy\" decoding=\"async\" width=\"1024\" height=\"516\" src=\"https:\/\/ceitonparadise.com\/wp-content\/uploads\/2022\/06\/E4D79B64-4E18-455D-88D0-47F7A4441F5E-1-1024x516.jpeg\" class=\"attachment-large size-large\" alt=\"\" srcset=\"https:\/\/ceitonparadise.com\/wp-content\/uploads\/2022\/06\/E4D79B64-4E18-455D-88D0-47F7A4441F5E-1-1024x516.jpeg 1024w, https:\/\/ceitonparadise.com\/wp-content\/uploads\/2022\/06\/E4D79B64-4E18-455D-88D0-47F7A4441F5E-1-300x151.jpeg 300w, https:\/\/ceitonparadise.com\/wp-content\/uploads\/2022\/06\/E4D79B64-4E18-455D-88D0-47F7A4441F5E-1-768x387.jpeg 768w, https:\/\/ceitonparadise.com\/wp-content\/uploads\/2022\/06\/E4D79B64-4E18-455D-88D0-47F7A4441F5E-1.jpeg 1034w\" sizes=\"auto, (max-width: 1024px) 100vw, 1024px\" \/>\t\t\t\t\t\t\t\t\t\t\t\t\t\t\t<\/div>\n\t\t\t\t<\/div>\n\t\t\t\t\t<\/div>\n\t\t<\/div>\n\t\t\t\t\t\t\t<\/div>\n\t\t<\/section>\n\t\t\t\t<section class=\"elementor-section elementor-top-section elementor-element elementor-element-e015939 elementor-section-boxed elementor-section-height-default elementor-section-height-default\" data-id=\"e015939\" data-element_type=\"section\">\n\t\t\t\t\t\t<div class=\"elementor-container elementor-column-gap-default\">\n\t\t\t\t\t<div class=\"elementor-column elementor-col-100 elementor-top-column elementor-element elementor-element-39a9803\" data-id=\"39a9803\" data-element_type=\"column\">\n\t\t\t<div class=\"elementor-widget-wrap elementor-element-populated\">\n\t\t\t\t\t\t\t\t<div class=\"elementor-element elementor-element-3f61753 elementor-widget elementor-widget-text-editor\" data-id=\"3f61753\" data-element_type=\"widget\" data-widget_type=\"text-editor.default\">\n\t\t\t\t<div class=\"elementor-widget-container\">\n\t\t\t<style>\/*! elementor - v3.6.5 - 27-04-2022 *\/\n.elementor-widget-text-editor.elementor-drop-cap-view-stacked .elementor-drop-cap{background-color:#818a91;color:#fff}.elementor-widget-text-editor.elementor-drop-cap-view-framed .elementor-drop-cap{color:#818a91;border:3px solid;background-color:transparent}.elementor-widget-text-editor:not(.elementor-drop-cap-view-default) .elementor-drop-cap{margin-top:8px}.elementor-widget-text-editor:not(.elementor-drop-cap-view-default) .elementor-drop-cap-letter{width:1em;height:1em}.elementor-widget-text-editor .elementor-drop-cap{float:left;text-align:center;line-height:1;font-size:50px}.elementor-widget-text-editor .elementor-drop-cap-letter{display:inline-block}<\/style>\t\t\t\t<h4>welcome to our paradise on the Ebro. Click on your language for more information.<\/h4>\n<h4>welkom in ons paradijs aan de Ebro. Klik op je taal voor meer informatie.<\/h4>\n<h4>bienvenidos a nuestro para\u00edso en el Ebro. Haga clic en su idioma para obtener m\u00e1s informaci\u00f3n.<\/h4>\n<h4>Willkommen in unserem Paradies am Ebro. Klicken Sie auf Ihre Sprache, um weitere Informationen zu erhalten.<\/h4>\t\t\t\t\t\t<\/div>\n\t\t\t\t<\/div>\n\t\t\t\t\t<\/div>\n\t\t<\/div>\n\t\t\t\t\t\t\t<\/div>\n\t\t<\/section>\n\t\t\t\t<section class=\"elementor-section elementor-top-section elementor-element elementor-element-1e1112d elementor-section-boxed elementor-section-height-default elementor-section-height-default\" data-id=\"1e1112d\" data-element_type=\"section\">\n\t\t\t\t\t\t<div class=\"elementor-container elementor-column-gap-default\">\n\t\t\t\t\t<div class=\"elementor-column elementor-col-100 elementor-top-column elementor-element elementor-element-4742ef3\" data-id=\"4742ef3\" data-element_type=\"column\">\n\t\t\t<div class=\"elementor-widget-wrap elementor-element-populated\">\n\t\t\t\t\t\t\t\t<div class=\"elementor-element elementor-element-dc40bfa elementor-widget elementor-widget-image\" data-id=\"dc40bfa\" data-element_type=\"widget\" data-widget_type=\"image.default\">\n\t\t\t\t<div class=\"elementor-widget-container\">\n\t\t\t\t\t\t\t\t\t\t\t\t\t\t\t<img loading=\"lazy\" decoding=\"async\" width=\"768\" height=\"1024\" src=\"https:\/\/ceitonparadise.com\/wp-content\/uploads\/2022\/06\/1631434762-768x1024.jpeg\" class=\"attachment-large size-large\" alt=\"\" srcset=\"https:\/\/ceitonparadise.com\/wp-content\/uploads\/2022\/06\/1631434762-768x1024.jpeg 768w, https:\/\/ceitonparadise.com\/wp-content\/uploads\/2022\/06\/1631434762-225x300.jpeg 225w, https:\/\/ceitonparadise.com\/wp-content\/uploads\/2022\/06\/1631434762.jpeg 945w\" sizes=\"auto, (max-width: 768px) 100vw, 768px\" \/>\t\t\t\t\t\t\t\t\t\t\t\t\t\t\t<\/div>\n\t\t\t\t<\/div>\n\t\t\t\t\t<\/div>\n\t\t<\/div>\n\t\t\t\t\t\t\t<\/div>\n\t\t<\/section>\n\t\t\t\t\t\t\t<\/div>\n\t\t","protected":false},"excerpt":{"rendered":"<p>Bienvenido\/ Welcome\/ Welkom\/ Wilkommen @ Ceiton Paradise welcome to our paradise on the Ebro. Click on your language for more information. welkom in ons paradijs aan de Ebro. Klik op je taal voor meer informatie. bienvenidos a nuestro para\u00edso en el Ebro. Haga clic en su idioma para obtener m\u00e1s informaci\u00f3n. Willkommen in unserem Paradies &hellip;<\/p>\n<p class=\"read-more\"> <a class=\"\" href=\"https:\/\/ceitonparadise.com\/?page_id=11\"> <span class=\"screen-reader-text\">Home<\/span> Lees verder &raquo;<\/a><\/p>\n","protected":false},"author":1,"featured_media":0,"parent":0,"menu_order":0,"comment_status":"closed","ping_status":"closed","template":"","meta":{"site-sidebar-layout":"default","site-content-layout":"default","ast-global-header-display":"","ast-main-header-display":"","ast-hfb-above-header-display":"","ast-hfb-below-header-display":"","ast-hfb-mobile-header-display":"","site-post-title":"","ast-breadcrumbs-content":"","ast-featured-img":"","footer-sml-layout":"","theme-transparent-header-meta":"","adv-header-id-meta":"","stick-header-meta":"","header-above-stick-meta":"","header-main-stick-meta":"","header-below-stick-meta":"","footnotes":""},"class_list":["post-11","page","type-page","status-publish","hentry"],"_links":{"self":[{"href":"https:\/\/ceitonparadise.com\/index.php?rest_route=\/wp\/v2\/pages\/11","targetHints":{"allow":["GET"]}}],"collection":[{"href":"https:\/\/ceitonparadise.com\/index.php?rest_route=\/wp\/v2\/pages"}],"about":[{"href":"https:\/\/ceitonparadise.com\/index.php?rest_route=\/wp\/v2\/types\/page"}],"author":[{"embeddable":true,"href":"https:\/\/ceitonparadise.com\/index.php?rest_route=\/wp\/v2\/users\/1"}],"replies":[{"embeddable":true,"href":"https:\/\/ceitonparadise.com\/index.php?rest_route=%2Fwp%2Fv2%2Fcomments&post=11"}],"version-history":[{"count":5,"href":"https:\/\/ceitonparadise.com\/index.php?rest_route=\/wp\/v2\/pages\/11\/revisions"}],"predecessor-version":[{"id":76,"href":"https:\/\/ceitonparadise.com\/index.php?rest_route=\/wp\/v2\/pages\/11\/revisions\/76"}],"wp:attachment":[{"href":"https:\/\/ceitonparadise.com\/index.php?rest_route=%2Fwp%2Fv2%2Fmedia&parent=11"}],"curies":[{"name":"wp","href":"https:\/\/api.w.org\/{rel}","templated":true}]}}