{"id":30,"date":"2022-06-01T08:20:42","date_gmt":"2022-06-01T08:20:42","guid":{"rendered":"https:\/\/ceitonparadise.com\/?page_id=30"},"modified":"2022-06-03T20:58:25","modified_gmt":"2022-06-03T20:58:25","slug":"espanol","status":"publish","type":"page","link":"https:\/\/ceitonparadise.com\/?page_id=30","title":{"rendered":"Espanol"},"content":{"rendered":"\t\t<div data-elementor-type=\"wp-page\" data-elementor-id=\"30\" class=\"elementor elementor-30\">\n\t\t\t\t\t\t\t\t\t<section class=\"elementor-section elementor-top-section elementor-element elementor-element-eff233c elementor-section-boxed elementor-section-height-default elementor-section-height-default\" data-id=\"eff233c\" data-element_type=\"section\">\n\t\t\t\t\t\t<div class=\"elementor-container elementor-column-gap-default\">\n\t\t\t\t\t<div class=\"elementor-column elementor-col-100 elementor-top-column elementor-element elementor-element-9aab339\" data-id=\"9aab339\" data-element_type=\"column\">\n\t\t\t<div class=\"elementor-widget-wrap elementor-element-populated\">\n\t\t\t\t\t\t\t\t<div class=\"elementor-element elementor-element-b9ca099 elementor-widget elementor-widget-text-editor\" data-id=\"b9ca099\" data-element_type=\"widget\" data-widget_type=\"text-editor.default\">\n\t\t\t\t<div class=\"elementor-widget-container\">\n\t\t\t<style>\/*! elementor - v3.6.5 - 27-04-2022 *\/\n.elementor-widget-text-editor.elementor-drop-cap-view-stacked .elementor-drop-cap{background-color:#818a91;color:#fff}.elementor-widget-text-editor.elementor-drop-cap-view-framed .elementor-drop-cap{color:#818a91;border:3px solid;background-color:transparent}.elementor-widget-text-editor:not(.elementor-drop-cap-view-default) .elementor-drop-cap{margin-top:8px}.elementor-widget-text-editor:not(.elementor-drop-cap-view-default) .elementor-drop-cap-letter{width:1em;height:1em}.elementor-widget-text-editor .elementor-drop-cap{float:left;text-align:center;line-height:1;font-size:50px}.elementor-widget-text-editor .elementor-drop-cap-letter{display:inline-block}<\/style>\t\t\t\t<p><!-- wp:paragraph --><\/p><h2>\u00a1Bienvenido a Ceiton Paradise!<\/h2><p>Ceiton Paradise est\u00e1 ubicado en una propiedad privada en el Ebro cerca de Caspe (Espa\u00f1a) directamente en la orilla del embalse del Mar de Arag\u00f3n. Este lugar te devuelve a la naturaleza en un oasis de tranquilidad. En este para\u00edso pesquero del Ebro se pueden pescar bagres, carpas, lucios, luciopercas y truchas percas durante todo el a\u00f1o.<\/p><p>Adem\u00e1s de la pesca, tambi\u00e9n puedes disfrutar de excelentes deportes acu\u00e1ticos y relajarte aqu\u00ed. Nataci\u00f3n, pirag\u00fcismo, cena, kitesurf, windsurf, lo que sea.<br \/>Aqu\u00ed podr\u00e1 disfrutar de m\u00e1s de una hect\u00e1rea de naturaleza y tranquilidad. Hay 2 casas totalmente autosuficientes en la propiedad. Los cuidadores Sabine y Nick viven con su perra Zo\u00eb en Casa Baja, la c\u00e1mara baja. Le dan la bienvenida y est\u00e1n a su disposici\u00f3n para preguntas pr\u00e1cticas.<\/p><p>Casa Alta est\u00e1 ubicada un poco m\u00e1s arriba en la propiedad y tiene vistas m\u00e1gicas de la bah\u00eda. Alquilamos esta casa a los hu\u00e9spedes.<br \/>Casa Alta est\u00e1 construida sobre los restos de una antigua ruina, contra un muro de roca. El alojamiento es para 4 personas con 2 camas de 90 x 200 cm.<\/p><p>Las casas funcionan con paneles solares, hay gas para cocinar y agua fr\u00eda y caliente. Una chimenea, 2 camas individuales y un sof\u00e1 cama doble.<br \/>Para el placer de todos los hu\u00e9spedes, no se permite fumar en el interior.<\/p><p>Dado que las casas son completamente autosuficientes, esto naturalmente incluye el ahorro apropiado. Le solicitamos que use agua, madera y electricidad con moderaci\u00f3n. Se dispone de un stock medio, pero en caso de uso excesivo, los costes adicionales correr\u00e1n a cargo de los hu\u00e9spedes. Hay madera adicional disponible en gasolineras o ferreter\u00edas. Para agua o electricidad contactar con los administradores.<\/p><p>Ropa de cama, toallas y edredones de plumas para las noches fr\u00edas y edredones m\u00e1s delgados est\u00e1n suficientemente disponibles.<\/p><h3>Precios<\/h3><p>Pagas por una estancia de:<br \/>\u2022 3 noches 90\u20ac por noche<br \/>\u2022 4 noches 80\u20ac por noche<br \/>\u2022 una semana \u20ac 490<\/p><p><!-- \/wp:list --><\/p><p><!-- wp:gallery {\"ids\":[],\"shortCodeTransforms\":[],\"linkTo\":\"none\"} --><\/p><figure class=\"wp-block-gallery has-nested-images columns-default is-cropped\"><!-- wp:image {\"id\":15,\"sizeSlug\":\"large\",\"linkDestination\":\"none\"} --><figure class=\"wp-block-image size-large\"><img loading=\"lazy\" decoding=\"async\" width=\"1024\" height=\"516\" class=\"wp-image-15\" src=\"https:\/\/ceitonparadise.com\/wp-content\/uploads\/2022\/06\/E4D79B64-4E18-455D-88D0-47F7A4441F5E-1-1024x516.jpeg\" alt=\"\" srcset=\"https:\/\/ceitonparadise.com\/wp-content\/uploads\/2022\/06\/E4D79B64-4E18-455D-88D0-47F7A4441F5E-1-1024x516.jpeg 1024w, https:\/\/ceitonparadise.com\/wp-content\/uploads\/2022\/06\/E4D79B64-4E18-455D-88D0-47F7A4441F5E-1-300x151.jpeg 300w, https:\/\/ceitonparadise.com\/wp-content\/uploads\/2022\/06\/E4D79B64-4E18-455D-88D0-47F7A4441F5E-1-768x387.jpeg 768w, https:\/\/ceitonparadise.com\/wp-content\/uploads\/2022\/06\/E4D79B64-4E18-455D-88D0-47F7A4441F5E-1.jpeg 1034w\" sizes=\"auto, (max-width: 1024px) 100vw, 1024px\" \/><figcaption><\/figcaption><\/figure><\/figure><p><!-- \/wp:paragraph --><\/p><p><!-- wp:gallery {\"linkTo\":\"none\"} --><\/p><figure class=\"wp-block-gallery has-nested-images columns-default is-cropped\"><!-- wp:image {\"id\":16,\"sizeSlug\":\"large\",\"linkDestination\":\"none\"} --><\/figure><figure class=\"wp-block-gallery has-nested-images columns-default is-cropped\"><figure class=\"wp-block-image size-large\"><\/figure><p><!-- \/wp:image --><\/p><\/figure><p><!-- \/wp:gallery --><\/p>\t\t\t\t\t\t<\/div>\n\t\t\t\t<\/div>\n\t\t\t\t\t<\/div>\n\t\t<\/div>\n\t\t\t\t\t\t\t<\/div>\n\t\t<\/section>\n\t\t\t\t<section class=\"elementor-section elementor-top-section elementor-element elementor-element-6ae281a elementor-section-boxed elementor-section-height-default elementor-section-height-default\" data-id=\"6ae281a\" data-element_type=\"section\">\n\t\t\t\t\t\t<div class=\"elementor-container elementor-column-gap-default\">\n\t\t\t\t\t<div class=\"elementor-column elementor-col-100 elementor-top-column elementor-element elementor-element-2a826c9\" data-id=\"2a826c9\" data-element_type=\"column\">\n\t\t\t<div class=\"elementor-widget-wrap elementor-element-populated\">\n\t\t\t\t\t\t\t\t<div class=\"elementor-element elementor-element-6bbc9f4 elementor-widget elementor-widget-text-editor\" data-id=\"6bbc9f4\" data-element_type=\"widget\" data-widget_type=\"text-editor.default\">\n\t\t\t\t<div class=\"elementor-widget-container\">\n\t\t\t\t\t\t\t<h3>Alquiler de barcos de pesca y gu\u00edas de pesca<\/h3><p><br \/>Trabajamos junto a Alec, un gu\u00eda local en ingl\u00e9s, que tambi\u00e9n vive en Ceit\u00f3n. Puede discutir todos los deseos de pesca con \u00e9l. Tambi\u00e9n gestiona los permisos correctos y, si lo desea, un barco.<br \/>Alec tiene mucha experiencia y conoce los lugares correctos donde se encuentran las diferentes especies de peces. La mayor\u00eda de los peces se pescan en la orilla. www.ebroescapes.com<br \/>+34 661 026 274<br \/>info@ebro-escapes.com<\/p><p>\u00a1Se requieren licencias de pesca!<br \/>Para pescar en el Ebro necesitas dos permisos diferentes. Alec puede encargarse de eso por ti.<br \/>Puede traer su propio barco y aparcarlo en nuestra propiedad.<br \/>En Casa Baja esto es posible junto a la casa y en Casa Alta en una terraza m\u00e1s alta frente al granero.<br \/>El barco se puede lanzar frente a la puerta, tenemos una salida privada cerrada con una cadena.<br \/>Dependiendo del nivel del agua, tambi\u00e9n puede permanecer all\u00ed.<br \/>Hay algunos requisitos para los propietarios de embarcaciones.<br \/>Siempre debe poder mostrar prueba de seguro.<br \/>Las embarcaciones mayores de 2 1\/2 metros deben tener placa.<br \/>Se requiere licencia de embarcaci\u00f3n para embarcaciones de m\u00e1s de 5 metros o con una potencia de motor superior a 15 HP.<br \/>Todos los barcos deben limpiarse en el puerto, cuesta 3.- euros, luego recibir\u00e1 una prueba.<br \/>No se permiten botes de goma peque\u00f1os.<\/p><p>\u00a0<\/p><h3>Ruta<\/h3><p>La ruta es por la N211, Caspe Mequinenza, o Mequinenza Caspe. Tome la salida en el polo 276. Luego todo recto, pasado el contenedor de basura y la se\u00f1al de Ceiton, seguir la carretera y en la bifurcaci\u00f3n, mantenerse a la derecha y tomar la carretera hacia abajo. Luego ver\u00e1 altos cipreses a la derecha, que es la entrada a nuestro sitio. La distancia desde la carretera es de unos 40<\/p>\t\t\t\t\t\t<\/div>\n\t\t\t\t<\/div>\n\t\t\t\t\t<\/div>\n\t\t<\/div>\n\t\t\t\t\t\t\t<\/div>\n\t\t<\/section>\n\t\t\t\t<section class=\"elementor-section elementor-top-section elementor-element elementor-element-08ed67c elementor-section-boxed elementor-section-height-default elementor-section-height-default\" data-id=\"08ed67c\" data-element_type=\"section\">\n\t\t\t\t\t\t<div class=\"elementor-container elementor-column-gap-default\">\n\t\t\t\t\t<div class=\"elementor-column elementor-col-100 elementor-top-column elementor-element elementor-element-6709761\" data-id=\"6709761\" data-element_type=\"column\">\n\t\t\t<div class=\"elementor-widget-wrap elementor-element-populated\">\n\t\t\t\t\t\t\t\t<div class=\"elementor-element elementor-element-2ae7422 elementor-widget elementor-widget-text-editor\" data-id=\"2ae7422\" data-element_type=\"widget\" data-widget_type=\"text-editor.default\">\n\t\t\t\t<div class=\"elementor-widget-container\">\n\t\t\t\t\t\t\t<figure class=\"wp-block-gallery has-nested-images columns-default is-cropped\"><figure class=\"wp-block-image size-large\"><img loading=\"lazy\" decoding=\"async\" width=\"1024\" height=\"768\" class=\"wp-image-16\" src=\"https:\/\/ceitonparadise.com\/wp-content\/uploads\/2022\/06\/IMG_9425-1024x768.jpeg\" alt=\"\" srcset=\"https:\/\/ceitonparadise.com\/wp-content\/uploads\/2022\/06\/IMG_9425-1024x768.jpeg 1024w, https:\/\/ceitonparadise.com\/wp-content\/uploads\/2022\/06\/IMG_9425-300x225.jpeg 300w, https:\/\/ceitonparadise.com\/wp-content\/uploads\/2022\/06\/IMG_9425-768x576.jpeg 768w, https:\/\/ceitonparadise.com\/wp-content\/uploads\/2022\/06\/IMG_9425-1536x1152.jpeg 1536w, https:\/\/ceitonparadise.com\/wp-content\/uploads\/2022\/06\/IMG_9425.jpeg 2048w\" sizes=\"auto, (max-width: 1024px) 100vw, 1024px\" \/><figcaption>de baai<\/figcaption><\/figure><p><!-- \/wp:image --><\/p><p><!-- wp:image {\"id\":27,\"sizeSlug\":\"large\",\"linkDestination\":\"none\"} --><\/p><figure class=\"wp-block-image size-large\"><img loading=\"lazy\" decoding=\"async\" width=\"1024\" height=\"768\" class=\"wp-image-27\" src=\"https:\/\/ceitonparadise.com\/wp-content\/uploads\/2022\/06\/IMG_9348-1024x768.jpeg\" alt=\"\" srcset=\"https:\/\/ceitonparadise.com\/wp-content\/uploads\/2022\/06\/IMG_9348-1024x768.jpeg 1024w, https:\/\/ceitonparadise.com\/wp-content\/uploads\/2022\/06\/IMG_9348-300x225.jpeg 300w, https:\/\/ceitonparadise.com\/wp-content\/uploads\/2022\/06\/IMG_9348-768x576.jpeg 768w, https:\/\/ceitonparadise.com\/wp-content\/uploads\/2022\/06\/IMG_9348-1536x1152.jpeg 1536w, https:\/\/ceitonparadise.com\/wp-content\/uploads\/2022\/06\/IMG_9348.jpeg 2048w\" sizes=\"auto, (max-width: 1024px) 100vw, 1024px\" \/><figcaption>de ingang van het terrein tussen de cypressen<\/figcaption><\/figure><p><!-- \/wp:image --><\/p><\/figure><p><!-- \/wp:gallery --><\/p><p><!-- wp:gallery {\"linkTo\":\"none\"} --><\/p><figure class=\"wp-block-gallery has-nested-images columns-default is-cropped\"><!-- wp:image {\"id\":17,\"sizeSlug\":\"large\",\"linkDestination\":\"none\"} --><figure class=\"wp-block-image size-large\"><img loading=\"lazy\" decoding=\"async\" width=\"1024\" height=\"768\" class=\"wp-image-17\" src=\"https:\/\/ceitonparadise.com\/wp-content\/uploads\/2022\/06\/IMG_8821-1024x768.jpeg\" alt=\"\" srcset=\"https:\/\/ceitonparadise.com\/wp-content\/uploads\/2022\/06\/IMG_8821-1024x768.jpeg 1024w, https:\/\/ceitonparadise.com\/wp-content\/uploads\/2022\/06\/IMG_8821-300x225.jpeg 300w, https:\/\/ceitonparadise.com\/wp-content\/uploads\/2022\/06\/IMG_8821-768x576.jpeg 768w, https:\/\/ceitonparadise.com\/wp-content\/uploads\/2022\/06\/IMG_8821-1536x1152.jpeg 1536w, https:\/\/ceitonparadise.com\/wp-content\/uploads\/2022\/06\/IMG_8821.jpeg 2048w\" sizes=\"auto, (max-width: 1024px) 100vw, 1024px\" \/><figcaption>de baai<\/figcaption><\/figure><p><!-- \/wp:image --><\/p><p><!-- wp:image {\"id\":18,\"sizeSlug\":\"large\",\"linkDestination\":\"none\"} --><\/p><figure class=\"wp-block-image size-large\"><img loading=\"lazy\" decoding=\"async\" width=\"768\" height=\"1024\" class=\"wp-image-18\" src=\"https:\/\/ceitonparadise.com\/wp-content\/uploads\/2022\/06\/IMG_9221-768x1024.jpeg\" alt=\"\" srcset=\"https:\/\/ceitonparadise.com\/wp-content\/uploads\/2022\/06\/IMG_9221-768x1024.jpeg 768w, https:\/\/ceitonparadise.com\/wp-content\/uploads\/2022\/06\/IMG_9221-225x300.jpeg 225w, https:\/\/ceitonparadise.com\/wp-content\/uploads\/2022\/06\/IMG_9221-1152x1536.jpeg 1152w, https:\/\/ceitonparadise.com\/wp-content\/uploads\/2022\/06\/IMG_9221.jpeg 1536w\" sizes=\"auto, (max-width: 768px) 100vw, 768px\" \/><figcaption>Casa Alta<\/figcaption><\/figure><p><!-- \/wp:image --><\/p><p><!-- wp:image {\"id\":19,\"sizeSlug\":\"large\",\"linkDestination\":\"none\"} --><\/p><figure class=\"wp-block-image size-large\"><img loading=\"lazy\" decoding=\"async\" width=\"1024\" height=\"768\" class=\"wp-image-19\" src=\"https:\/\/ceitonparadise.com\/wp-content\/uploads\/2022\/06\/IMG_9452-1024x768.jpeg\" alt=\"\" srcset=\"https:\/\/ceitonparadise.com\/wp-content\/uploads\/2022\/06\/IMG_9452-1024x768.jpeg 1024w, https:\/\/ceitonparadise.com\/wp-content\/uploads\/2022\/06\/IMG_9452-300x225.jpeg 300w, https:\/\/ceitonparadise.com\/wp-content\/uploads\/2022\/06\/IMG_9452-768x576.jpeg 768w, https:\/\/ceitonparadise.com\/wp-content\/uploads\/2022\/06\/IMG_9452-1536x1152.jpeg 1536w, https:\/\/ceitonparadise.com\/wp-content\/uploads\/2022\/06\/IMG_9452.jpeg 2048w\" sizes=\"auto, (max-width: 1024px) 100vw, 1024px\" \/><figcaption>Casa Alta<\/figcaption><\/figure><p><!-- \/wp:image --><\/p><p><!-- wp:image {\"id\":20,\"sizeSlug\":\"large\",\"linkDestination\":\"none\"} --><\/p><figure class=\"wp-block-image size-large\"><img loading=\"lazy\" decoding=\"async\" width=\"768\" height=\"1024\" class=\"wp-image-20\" src=\"https:\/\/ceitonparadise.com\/wp-content\/uploads\/2022\/06\/IMG_9462-768x1024.jpeg\" alt=\"\" srcset=\"https:\/\/ceitonparadise.com\/wp-content\/uploads\/2022\/06\/IMG_9462-768x1024.jpeg 768w, https:\/\/ceitonparadise.com\/wp-content\/uploads\/2022\/06\/IMG_9462-225x300.jpeg 225w, https:\/\/ceitonparadise.com\/wp-content\/uploads\/2022\/06\/IMG_9462-1152x1536.jpeg 1152w, https:\/\/ceitonparadise.com\/wp-content\/uploads\/2022\/06\/IMG_9462.jpeg 1536w\" sizes=\"auto, (max-width: 768px) 100vw, 768px\" \/><\/figure><p><!-- \/wp:image --><\/p><p><!-- wp:image {\"id\":21,\"sizeSlug\":\"large\",\"linkDestination\":\"none\"} --><\/p><figure class=\"wp-block-image size-large\"><img loading=\"lazy\" decoding=\"async\" width=\"768\" height=\"1024\" class=\"wp-image-21\" src=\"https:\/\/ceitonparadise.com\/wp-content\/uploads\/2022\/06\/IMG_9551-768x1024.jpeg\" alt=\"\" srcset=\"https:\/\/ceitonparadise.com\/wp-content\/uploads\/2022\/06\/IMG_9551-768x1024.jpeg 768w, https:\/\/ceitonparadise.com\/wp-content\/uploads\/2022\/06\/IMG_9551-225x300.jpeg 225w, https:\/\/ceitonparadise.com\/wp-content\/uploads\/2022\/06\/IMG_9551-1152x1536.jpeg 1152w, https:\/\/ceitonparadise.com\/wp-content\/uploads\/2022\/06\/IMG_9551.jpeg 1536w\" sizes=\"auto, (max-width: 768px) 100vw, 768px\" \/><figcaption>badkamer<\/figcaption><\/figure><p><!-- \/wp:image --><\/p><p><!-- wp:image {\"id\":22,\"sizeSlug\":\"large\",\"linkDestination\":\"none\"} --><\/p><figure class=\"wp-block-image size-large\"><img loading=\"lazy\" decoding=\"async\" width=\"1024\" height=\"476\" class=\"wp-image-22\" src=\"https:\/\/ceitonparadise.com\/wp-content\/uploads\/2022\/06\/IMG_9538-1024x476.jpeg\" alt=\"\" srcset=\"https:\/\/ceitonparadise.com\/wp-content\/uploads\/2022\/06\/IMG_9538-1024x476.jpeg 1024w, https:\/\/ceitonparadise.com\/wp-content\/uploads\/2022\/06\/IMG_9538-300x140.jpeg 300w, https:\/\/ceitonparadise.com\/wp-content\/uploads\/2022\/06\/IMG_9538-768x357.jpeg 768w, https:\/\/ceitonparadise.com\/wp-content\/uploads\/2022\/06\/IMG_9538-1536x715.jpeg 1536w, https:\/\/ceitonparadise.com\/wp-content\/uploads\/2022\/06\/IMG_9538-2048x953.jpeg 2048w\" sizes=\"auto, (max-width: 1024px) 100vw, 1024px\" \/><figcaption>open haard<\/figcaption><\/figure><p><!-- \/wp:image --><\/p><p><!-- wp:image {\"id\":23,\"sizeSlug\":\"large\",\"linkDestination\":\"none\"} --><\/p><figure class=\"wp-block-image size-large\"><img loading=\"lazy\" decoding=\"async\" width=\"1024\" height=\"768\" class=\"wp-image-23\" src=\"https:\/\/ceitonparadise.com\/wp-content\/uploads\/2022\/06\/IMG_9545-1024x768.jpeg\" alt=\"\" srcset=\"https:\/\/ceitonparadise.com\/wp-content\/uploads\/2022\/06\/IMG_9545-1024x768.jpeg 1024w, https:\/\/ceitonparadise.com\/wp-content\/uploads\/2022\/06\/IMG_9545-300x225.jpeg 300w, https:\/\/ceitonparadise.com\/wp-content\/uploads\/2022\/06\/IMG_9545-768x576.jpeg 768w, https:\/\/ceitonparadise.com\/wp-content\/uploads\/2022\/06\/IMG_9545-1536x1152.jpeg 1536w, https:\/\/ceitonparadise.com\/wp-content\/uploads\/2022\/06\/IMG_9545.jpeg 2048w\" sizes=\"auto, (max-width: 1024px) 100vw, 1024px\" \/><figcaption>keuken<\/figcaption><\/figure><p><!-- \/wp:image --><\/p><p><!-- wp:image {\"id\":24,\"sizeSlug\":\"large\",\"linkDestination\":\"none\"} --><\/p><figure class=\"wp-block-image size-large\"><img loading=\"lazy\" decoding=\"async\" width=\"1024\" height=\"531\" class=\"wp-image-24\" src=\"https:\/\/ceitonparadise.com\/wp-content\/uploads\/2022\/06\/IMG_9572-1024x531.jpeg\" alt=\"\" srcset=\"https:\/\/ceitonparadise.com\/wp-content\/uploads\/2022\/06\/IMG_9572-1024x531.jpeg 1024w, https:\/\/ceitonparadise.com\/wp-content\/uploads\/2022\/06\/IMG_9572-300x156.jpeg 300w, https:\/\/ceitonparadise.com\/wp-content\/uploads\/2022\/06\/IMG_9572-768x398.jpeg 768w, https:\/\/ceitonparadise.com\/wp-content\/uploads\/2022\/06\/IMG_9572-1536x797.jpeg 1536w, https:\/\/ceitonparadise.com\/wp-content\/uploads\/2022\/06\/IMG_9572-2048x1062.jpeg 2048w\" sizes=\"auto, (max-width: 1024px) 100vw, 1024px\" \/><figcaption>uitzicht<\/figcaption><\/figure><\/figure>\t\t\t\t\t\t<\/div>\n\t\t\t\t<\/div>\n\t\t\t\t\t<\/div>\n\t\t<\/div>\n\t\t\t\t\t\t\t<\/div>\n\t\t<\/section>\n\t\t\t\t<section class=\"elementor-section elementor-top-section elementor-element elementor-element-8d99ed6 elementor-section-boxed elementor-section-height-default elementor-section-height-default\" data-id=\"8d99ed6\" data-element_type=\"section\">\n\t\t\t\t\t\t<div class=\"elementor-container elementor-column-gap-default\">\n\t\t\t\t\t<div class=\"elementor-column elementor-col-100 elementor-top-column elementor-element elementor-element-662ddd0\" data-id=\"662ddd0\" data-element_type=\"column\">\n\t\t\t<div class=\"elementor-widget-wrap\">\n\t\t\t\t\t\t\t\t\t<\/div>\n\t\t<\/div>\n\t\t\t\t\t\t\t<\/div>\n\t\t<\/section>\n\t\t\t\t\t\t\t<\/div>\n\t\t","protected":false},"excerpt":{"rendered":"<p>\u00a1Bienvenido a Ceiton Paradise! Ceiton Paradise est\u00e1 ubicado en una propiedad privada en el Ebro cerca de Caspe (Espa\u00f1a) directamente en la orilla del embalse del Mar de Arag\u00f3n. Este lugar te devuelve a la naturaleza en un oasis de tranquilidad. En este para\u00edso pesquero del Ebro se pueden pescar bagres, carpas, lucios, luciopercas y &hellip;<\/p>\n<p class=\"read-more\"> <a class=\"\" href=\"https:\/\/ceitonparadise.com\/?page_id=30\"> <span class=\"screen-reader-text\">Espanol<\/span> Lees verder &raquo;<\/a><\/p>\n","protected":false},"author":1,"featured_media":0,"parent":0,"menu_order":0,"comment_status":"closed","ping_status":"closed","template":"","meta":{"site-sidebar-layout":"no-sidebar","site-content-layout":"page-builder","ast-global-header-display":"","ast-main-header-display":"","ast-hfb-above-header-display":"","ast-hfb-below-header-display":"","ast-hfb-mobile-header-display":"","site-post-title":"disabled","ast-breadcrumbs-content":"","ast-featured-img":"disabled","footer-sml-layout":"","theme-transparent-header-meta":"","adv-header-id-meta":"","stick-header-meta":"","header-above-stick-meta":"","header-main-stick-meta":"","header-below-stick-meta":"","footnotes":""},"class_list":["post-30","page","type-page","status-publish","hentry"],"_links":{"self":[{"href":"https:\/\/ceitonparadise.com\/index.php?rest_route=\/wp\/v2\/pages\/30","targetHints":{"allow":["GET"]}}],"collection":[{"href":"https:\/\/ceitonparadise.com\/index.php?rest_route=\/wp\/v2\/pages"}],"about":[{"href":"https:\/\/ceitonparadise.com\/index.php?rest_route=\/wp\/v2\/types\/page"}],"author":[{"embeddable":true,"href":"https:\/\/ceitonparadise.com\/index.php?rest_route=\/wp\/v2\/users\/1"}],"replies":[{"embeddable":true,"href":"https:\/\/ceitonparadise.com\/index.php?rest_route=%2Fwp%2Fv2%2Fcomments&post=30"}],"version-history":[{"count":7,"href":"https:\/\/ceitonparadise.com\/index.php?rest_route=\/wp\/v2\/pages\/30\/revisions"}],"predecessor-version":[{"id":50,"href":"https:\/\/ceitonparadise.com\/index.php?rest_route=\/wp\/v2\/pages\/30\/revisions\/50"}],"wp:attachment":[{"href":"https:\/\/ceitonparadise.com\/index.php?rest_route=%2Fwp%2Fv2%2Fmedia&parent=30"}],"curies":[{"name":"wp","href":"https:\/\/api.w.org\/{rel}","templated":true}]}}