{"id":52,"date":"2022-06-03T20:59:34","date_gmt":"2022-06-03T20:59:34","guid":{"rendered":"https:\/\/ceitonparadise.com\/?page_id=52"},"modified":"2022-06-03T21:05:12","modified_gmt":"2022-06-03T21:05:12","slug":"contact","status":"publish","type":"page","link":"https:\/\/ceitonparadise.com\/?page_id=52","title":{"rendered":"contact"},"content":{"rendered":"\t\t<div data-elementor-type=\"wp-page\" data-elementor-id=\"52\" class=\"elementor elementor-52\">\n\t\t\t\t\t\t\t\t\t<section class=\"elementor-section elementor-top-section elementor-element elementor-element-6f25721 elementor-section-boxed elementor-section-height-default elementor-section-height-default\" data-id=\"6f25721\" data-element_type=\"section\">\n\t\t\t\t\t\t<div class=\"elementor-container elementor-column-gap-default\">\n\t\t\t\t\t<div class=\"elementor-column elementor-col-100 elementor-top-column elementor-element elementor-element-c1cb87a\" data-id=\"c1cb87a\" data-element_type=\"column\">\n\t\t\t<div class=\"elementor-widget-wrap\">\n\t\t\t\t\t\t\t\t\t<\/div>\n\t\t<\/div>\n\t\t\t\t\t\t\t<\/div>\n\t\t<\/section>\n\t\t\t\t<section class=\"elementor-section elementor-top-section elementor-element elementor-element-c2268ff elementor-section-boxed elementor-section-height-default elementor-section-height-default\" data-id=\"c2268ff\" data-element_type=\"section\">\n\t\t\t\t\t\t<div class=\"elementor-container elementor-column-gap-default\">\n\t\t\t\t\t<div class=\"elementor-column elementor-col-100 elementor-top-column elementor-element elementor-element-ba1f8d0\" data-id=\"ba1f8d0\" data-element_type=\"column\">\n\t\t\t<div class=\"elementor-widget-wrap elementor-element-populated\">\n\t\t\t\t\t\t\t\t<div class=\"elementor-element elementor-element-d45db55 elementor-widget elementor-widget-text-editor\" data-id=\"d45db55\" data-element_type=\"widget\" data-widget_type=\"text-editor.default\">\n\t\t\t\t<div class=\"elementor-widget-container\">\n\t\t\t<style>\/*! elementor - v3.6.5 - 27-04-2022 *\/\n.elementor-widget-text-editor.elementor-drop-cap-view-stacked .elementor-drop-cap{background-color:#818a91;color:#fff}.elementor-widget-text-editor.elementor-drop-cap-view-framed .elementor-drop-cap{color:#818a91;border:3px solid;background-color:transparent}.elementor-widget-text-editor:not(.elementor-drop-cap-view-default) .elementor-drop-cap{margin-top:8px}.elementor-widget-text-editor:not(.elementor-drop-cap-view-default) .elementor-drop-cap-letter{width:1em;height:1em}.elementor-widget-text-editor .elementor-drop-cap{float:left;text-align:center;line-height:1;font-size:50px}.elementor-widget-text-editor .elementor-drop-cap-letter{display:inline-block}<\/style>\t\t\t\t<h3>CONTACT DETAILS<\/h3><h3>Ceiton Paradise<\/h3><p>You can contact us via the following details to inquire for available dates and booking.<br \/>E-mail: info@ceitonparadise.com<br \/>Telephone: 0031 6 51238777<\/p><p><span style=\"font-style: inherit; font-weight: inherit; color: var( --e-global-color-text ); font-family: var( --e-global-typography-text-font-family ), Sans-serif; background-color: var(--ast-global-color-5);\">Leave a message and we will contact you.<\/span><\/p><p><span style=\"font-style: inherit; font-weight: inherit; color: var( --e-global-color-text ); font-family: var( --e-global-typography-text-font-family ), Sans-serif; background-color: var(--ast-global-color-5);\">All languages accepted via Whatsapp.<\/span><\/p><h3>DETALLES DE CONTACTO<br \/>Para\u00edso de Ceit\u00f3n<\/h3><p>Puede ponerse en contacto con nosotros a trav\u00e9s de los siguientes detalles para consultar las fechas disponibles y la reserva.<br \/>Correo electr\u00f3nico: info@ceitonparadise.com<br \/>Tel\u00e9fono: 0031 6 51238777<\/p><p>Deje un mensaje y nos pondremos en contacto con usted.<\/p><p>Se aceptan todos los idiomas v\u00eda Whatsapp.<\/p><h3>CONTACT DETAILS<br \/>Ceiton Paradijs<\/h3><p>U kunt contact met ons opnemen via de volgende gegevens om beschikbare data en reserveringen te controleren.<br \/>E-mail: info@ceitonparadise.com<br \/>Telefoon: 0031 6 51238777<\/p><p><br \/>Laat een bericht achter, dan nemen wij contact met u op.<\/p><p>Alle talen worden geaccepteerd via Whatsapp.<\/p><p><span style=\"font-style: inherit; font-weight: inherit; color: var( --e-global-color-text ); font-family: var( --e-global-typography-text-font-family ), Sans-serif; background-color: var(--ast-global-color-5);\">\u00a0<\/span><\/p><p>\u00a0<\/p>\t\t\t\t\t\t<\/div>\n\t\t\t\t<\/div>\n\t\t\t\t\t<\/div>\n\t\t<\/div>\n\t\t\t\t\t\t\t<\/div>\n\t\t<\/section>\n\t\t\t\t<section class=\"elementor-section elementor-top-section elementor-element elementor-element-da6a47c elementor-section-boxed elementor-section-height-default elementor-section-height-default\" data-id=\"da6a47c\" data-element_type=\"section\">\n\t\t\t\t\t\t<div class=\"elementor-container elementor-column-gap-default\">\n\t\t\t\t\t<div class=\"elementor-column elementor-col-100 elementor-top-column elementor-element elementor-element-5be9576\" data-id=\"5be9576\" data-element_type=\"column\">\n\t\t\t<div class=\"elementor-widget-wrap elementor-element-populated\">\n\t\t\t\t\t\t\t\t<div class=\"elementor-element elementor-element-9f9e7dc elementor-widget elementor-widget-image\" data-id=\"9f9e7dc\" data-element_type=\"widget\" data-widget_type=\"image.default\">\n\t\t\t\t<div class=\"elementor-widget-container\">\n\t\t\t<style>\/*! elementor - v3.6.5 - 27-04-2022 *\/\n.elementor-widget-image{text-align:center}.elementor-widget-image a{display:inline-block}.elementor-widget-image a img[src$=\".svg\"]{width:48px}.elementor-widget-image img{vertical-align:middle;display:inline-block}<\/style>\t\t\t\t\t\t\t\t\t\t\t\t<img loading=\"lazy\" decoding=\"async\" width=\"768\" height=\"1024\" src=\"https:\/\/ceitonparadise.com\/wp-content\/uploads\/2022\/06\/1631434762-768x1024.jpeg\" class=\"attachment-large size-large\" alt=\"\" srcset=\"https:\/\/ceitonparadise.com\/wp-content\/uploads\/2022\/06\/1631434762-768x1024.jpeg 768w, https:\/\/ceitonparadise.com\/wp-content\/uploads\/2022\/06\/1631434762-225x300.jpeg 225w, https:\/\/ceitonparadise.com\/wp-content\/uploads\/2022\/06\/1631434762.jpeg 945w\" sizes=\"auto, (max-width: 768px) 100vw, 768px\" \/>\t\t\t\t\t\t\t\t\t\t\t\t\t\t\t<\/div>\n\t\t\t\t<\/div>\n\t\t\t\t\t<\/div>\n\t\t<\/div>\n\t\t\t\t\t\t\t<\/div>\n\t\t<\/section>\n\t\t\t\t\t\t\t<\/div>\n\t\t","protected":false},"excerpt":{"rendered":"<p>CONTACT DETAILS Ceiton Paradise You can contact us via the following details to inquire for available dates and booking.E-mail: info@ceitonparadise.comTelephone: 0031 6 51238777 Leave a message and we will contact you. All languages accepted via Whatsapp. DETALLES DE CONTACTOPara\u00edso de Ceit\u00f3n Puede ponerse en contacto con nosotros a trav\u00e9s de los siguientes detalles para consultar &hellip;<\/p>\n<p class=\"read-more\"> <a class=\"\" href=\"https:\/\/ceitonparadise.com\/?page_id=52\"> <span class=\"screen-reader-text\">contact<\/span> Lees verder &raquo;<\/a><\/p>\n","protected":false},"author":1,"featured_media":0,"parent":0,"menu_order":0,"comment_status":"closed","ping_status":"closed","template":"","meta":{"site-sidebar-layout":"no-sidebar","site-content-layout":"page-builder","ast-global-header-display":"","ast-main-header-display":"","ast-hfb-above-header-display":"","ast-hfb-below-header-display":"","ast-hfb-mobile-header-display":"","site-post-title":"disabled","ast-breadcrumbs-content":"","ast-featured-img":"disabled","footer-sml-layout":"","theme-transparent-header-meta":"","adv-header-id-meta":"","stick-header-meta":"","header-above-stick-meta":"","header-main-stick-meta":"","header-below-stick-meta":"","footnotes":""},"class_list":["post-52","page","type-page","status-publish","hentry"],"_links":{"self":[{"href":"https:\/\/ceitonparadise.com\/index.php?rest_route=\/wp\/v2\/pages\/52","targetHints":{"allow":["GET"]}}],"collection":[{"href":"https:\/\/ceitonparadise.com\/index.php?rest_route=\/wp\/v2\/pages"}],"about":[{"href":"https:\/\/ceitonparadise.com\/index.php?rest_route=\/wp\/v2\/types\/page"}],"author":[{"embeddable":true,"href":"https:\/\/ceitonparadise.com\/index.php?rest_route=\/wp\/v2\/users\/1"}],"replies":[{"embeddable":true,"href":"https:\/\/ceitonparadise.com\/index.php?rest_route=%2Fwp%2Fv2%2Fcomments&post=52"}],"version-history":[{"count":10,"href":"https:\/\/ceitonparadise.com\/index.php?rest_route=\/wp\/v2\/pages\/52\/revisions"}],"predecessor-version":[{"id":63,"href":"https:\/\/ceitonparadise.com\/index.php?rest_route=\/wp\/v2\/pages\/52\/revisions\/63"}],"wp:attachment":[{"href":"https:\/\/ceitonparadise.com\/index.php?rest_route=%2Fwp%2Fv2%2Fmedia&parent=52"}],"curies":[{"name":"wp","href":"https:\/\/api.w.org\/{rel}","templated":true}]}}